{"id":813,"date":"2021-04-30T16:50:32","date_gmt":"2021-04-30T14:50:32","guid":{"rendered":"https:\/\/www.dianaaszyk.com\/home\/"},"modified":"2024-11-22T13:24:13","modified_gmt":"2024-11-22T11:24:13","slug":"home","status":"publish","type":"page","link":"https:\/\/www.dianaaszyk.com\/en\/","title":{"rendered":"Home"},"content":{"rendered":"<section class=\"wpb-content-wrapper\"><p>[vc_row css_animation=&#8221;fadeIn&#8221;][vc_column]\n\t\t\t<!-- START Home Slider REVOLUTION SLIDER 6.6.8 --><p class=\"rs-p-wp-fix\"><\/p>\n\t\t\t<rs-module-wrap id=\"rev_slider_1_1_wrapper\" data-source=\"gallery\" style=\"visibility:hidden;background:#f0f0f0;padding:0;\">\n\t\t\t\t<rs-module id=\"rev_slider_1_1\" style=\"\" data-version=\"6.6.8\">\n\t\t\t\t\t<rs-slides style=\"overflow: hidden; position: absolute;\">\n\t\t\t\t\t\t<rs-slide style=\"position: absolute;\" data-key=\"rs-4\" data-title=\"Desk\" data-in=\"o:0;\" data-out=\"a:false;\">\n\t\t\t\t\t\t\t<img decoding=\"async\" src=\"\/\/www.dianaaszyk.com\/wp-content\/plugins\/revslider\/public\/assets\/assets\/dummy.png\" alt=\"\" title=\"home_head_1920_1.jpeg\" width=\"1920\" height=\"1080\" class=\"rev-slidebg tp-rs-img rs-lazyload\" data-lazyload=\"\/\/www.dianaaszyk.com\/wp-content\/uploads\/revslider\/video-media\/home_head_1920_1.jpeg\" data-parallax=\"1\" data-no-retina>\n\t\t\t\t\t\t\t<rs-bgvideo \n\t\t\t\t\t\t\t\tdata-video=\"w:100%;h:100%;nse:false;l:true;ptimer:false;vfc:true;\"\n\t\t\t\t\t\t\t\tdata-mp4=\"\/\/www.dianaaszyk.com\/wp-content\/uploads\/2023\/06\/home_head_1920.mp4\"\n\t\t\t\t\t\t\t><\/rs-bgvideo>\n<!--\n\t\t\t\t\t\t\t--><rs-layer\n\t\t\t\t\t\t\t\tid=\"slider-1-slide-4-layer-0\" \n\t\t\t\t\t\t\t\tclass=\"rev-btn\"\n\t\t\t\t\t\t\t\tdata-type=\"button\"\n\t\t\t\t\t\t\t\tdata-rsp_ch=\"on\"\n\t\t\t\t\t\t\t\tdata-xy=\"x:c;y:m;yo:60px,60px,39px,44px;\"\n\t\t\t\t\t\t\t\tdata-text=\"w:normal;s:17,17,11,6;l:40,40,26,16;fw:500;a:center;\"\n\t\t\t\t\t\t\t\tdata-dim=\"minh:0px,0px,none,none;\"\n\t\t\t\t\t\t\t\tdata-actions='id:bio;o:click;a:scrollto;sp:1000ms;e:power1.inOut;'\n\t\t\t\t\t\t\t\tdata-padding=\"r:25,25,17,10;l:25,25,17,10;\"\n\t\t\t\t\t\t\t\tdata-border=\"bos:solid;boc:rgba(255,255,255,0.35);bow:1px,1px,1px,1px;\"\n\t\t\t\t\t\t\t\tdata-frame_1=\"st:710;sR:710;\"\n\t\t\t\t\t\t\t\tdata-frame_999=\"o:0;st:w;sR:7990;\"\n\t\t\t\t\t\t\t\tdata-frame_hover=\"bgc:rgba(0,0,0,0);boc:rgba(255,255,255,0.75);bor:0px,0px,0px,0px;bos:solid;bow:1px,1px,1px,1px;e:power1.inOut;\"\n\t\t\t\t\t\t\t\tstyle=\"z-index:7;background-color:rgba(0,0,0,0);font-family:'Dosis';\"\n\t\t\t\t\t\t\t>BIO \n\t\t\t\t\t\t\t<\/rs-layer><!--\n\n\t\t\t\t\t\t\t--><rs-layer\n\t\t\t\t\t\t\t\tid=\"slider-1-slide-4-layer-1\" \n\t\t\t\t\t\t\t\tdata-type=\"text\"\n\t\t\t\t\t\t\t\tdata-color=\"#fff\"\n\t\t\t\t\t\t\t\tdata-rsp_ch=\"on\"\n\t\t\t\t\t\t\t\tdata-xy=\"x:c;y:m;yo:-83px,-83px,-75px,-46px;\"\n\t\t\t\t\t\t\t\tdata-text=\"s:61,61,30,24;l:68,68,45,27;ls:14,14,9,5;fw:500;a:center;\"\n\t\t\t\t\t\t\t\tdata-dim=\"minh:0,0,none,none;\"\n\t\t\t\t\t\t\t\tdata-frame_0=\"y:68px,68px,45px,27px;\"\n\t\t\t\t\t\t\t\tdata-frame_1=\"e:power3.out;st:300;sR:300;\"\n\t\t\t\t\t\t\t\tdata-frame_999=\"st:w;sR:8400;auto:true;\"\n\t\t\t\t\t\t\t\tstyle=\"z-index:5;font-family:'Dosis';text-transform:uppercase;\"\n\t\t\t\t\t\t\t>DIANA ASZYK \n\t\t\t\t\t\t\t<\/rs-layer><!--\n\n\t\t\t\t\t\t\t--><rs-layer\n\t\t\t\t\t\t\t\tid=\"slider-1-slide-4-layer-2\" \n\t\t\t\t\t\t\t\tclass=\"mintitextthingrey_upper\"\n\t\t\t\t\t\t\t\tdata-type=\"text\"\n\t\t\t\t\t\t\t\tdata-color=\"#dddddd\"\n\t\t\t\t\t\t\t\tdata-rsp_ch=\"on\"\n\t\t\t\t\t\t\t\tdata-xy=\"x:c;y:m;yo:0,0,0,18px;\"\n\t\t\t\t\t\t\t\tdata-text=\"w:normal;s:17,17,17,13;l:30,30,30,19;fw:300;a:center;\"\n\t\t\t\t\t\t\t\tdata-dim=\"w:573px,573px,573px,394px;h:37px;\"\n\t\t\t\t\t\t\t\tdata-frame_0=\"y:50px;\"\n\t\t\t\t\t\t\t\tdata-frame_1=\"e:power3.out;st:500;sR:500;\"\n\t\t\t\t\t\t\t\tdata-frame_999=\"st:w;sR:8200;auto:true;\"\n\t\t\t\t\t\t\t\tstyle=\"z-index:6;font-family:'Open Sans';\"\n\t\t\t\t\t\t\t>documentary filmmaker \n\t\t\t\t\t\t\t<\/rs-layer><!--\n-->\t\t\t\t\t\t<\/rs-slide>\n\t\t\t\t\t<\/rs-slides>\n\t\t\t\t<\/rs-module>\n\t\t\t\t<script>\n\t\t\t\t\tsetREVStartSize({c: 'rev_slider_1_1',rl:[1240,1240,778,480],el:[800,800,960,720],gw:[1160,1160,778,480],gh:[800,800,960,720],type:'standard',justify:'',layout:'fullscreen',offsetContainer:'#header',offset:'',mh:\"0\"});if (window.RS_MODULES!==undefined && window.RS_MODULES.modules!==undefined && window.RS_MODULES.modules[\"revslider11\"]!==undefined) {window.RS_MODULES.modules[\"revslider11\"].once = false;window.revapi1 = undefined;if (window.RS_MODULES.checkMinimal!==undefined) window.RS_MODULES.checkMinimal()}\n\t\t\t\t<\/script>\n\t\t\t<\/rs-module-wrap>\n\t\t\t<!-- END REVOLUTION SLIDER -->\n[\/vc_column][\/vc_row][vc_row css=&#8221;.vc_custom_1686772839409{margin-top: 120px !important;margin-bottom: 120px !important;}&#8221; el_id=&#8221;bio&#8221;][vc_column offset=&#8221;vc_col-lg-offset-2 vc_col-lg-8 vc_col-md-10&#8243;]<div id=\"ultimate-heading-894069e4990c44546\" class=\"uvc-heading ult-adjust-bottom-margin ultimate-heading-894069e4990c44546 uvc-4656 \" data-hspacer=\"line_only\"  data-halign=\"center\" style=\"text-align:center\"><div class=\"uvc-heading-spacer line_only\" style=\"topheight:40px;\"><span class=\"uvc-headings-line\" style=\"border-style:solid;border-bottom-width:40px;border-color:#ccc;width:1px;\"><\/span><\/div><\/div>[vc_custom_heading text=&#8221;DIANA ASZYK&#8221; font_container=&#8221;tag:h6|text_align:center&#8221; use_theme_fonts=&#8221;yes&#8221;][vc_custom_heading text=&#8221;BIO&#8221; font_container=&#8221;tag:h2|font_size:50px|text_align:center&#8221; use_theme_fonts=&#8221;yes&#8221;][vc_row_inner][vc_column_inner][vc_column_text]<\/p>\n<p style=\"text-align: center;\">More than 13 years of experience as a documentary filmmaker.<\/p>\n<p>[\/vc_column_text][\/vc_column_inner][\/vc_row_inner][vc_separator css=&#8221;.vc_custom_1686252435444{margin-top: 30px !important;margin-bottom: 30px !important;}&#8221;][vc_row_inner][vc_column_inner width=&#8221;1\/3&#8243;][vc_custom_heading text=&#8221;Experience:&#8221; font_container=&#8221;tag:h6|font_size:18px|text_align:right&#8221; use_theme_fonts=&#8221;yes&#8221;][\/vc_column_inner][vc_column_inner width=&#8221;2\/3&#8243; css=&#8221;.vc_custom_1687118922629{margin-top: 6px !important;}&#8221;][vc_column_text]5 documentary projects as director and screenwriter, producer or co-producer of these projects, in 1 of them &#8211; cinematographer and editor[\/vc_column_text][\/vc_column_inner][\/vc_row_inner][vc_row_inner][\/vc_row_inner][vc_row_inner][vc_column_inner width=&#8221;1\/3&#8243;][vc_custom_heading text=&#8221;Education:&#8221; font_container=&#8221;tag:h6|font_size:18px|text_align:right&#8221; use_theme_fonts=&#8221;yes&#8221;][\/vc_column_inner][vc_column_inner width=&#8221;2\/3&#8243; css=&#8221;.vc_custom_1687118932228{margin-top: 6px !important;}&#8221;][vc_column_text]Polish National Film School in Lodz (Pa\u0144stwowa Wy\u017csza Szko\u0142a Filmowa, Telewizyjna i Teatralna im. L.Schillera w \u0141odzi), Film Art Organization Production Department, Master of Arts[\/vc_column_text][\/vc_column_inner][\/vc_row_inner][vc_row_inner][vc_column_inner width=&#8221;1\/3&#8243;][vc_custom_heading text=&#8221;Documentary style:&#8221; font_container=&#8221;tag:h6|font_size:18px|text_align:right&#8221; use_theme_fonts=&#8221;yes&#8221;][\/vc_column_inner][vc_column_inner width=&#8221;2\/3&#8243; css=&#8221;.vc_custom_1687118937179{margin-top: 6px !important;}&#8221;][vc_column_text]searching for the content beneath the surface of the main plot, working on several content layers of the documentary[\/vc_column_text][\/vc_column_inner][\/vc_row_inner][vc_row_inner][vc_column_inner width=&#8221;1\/3&#8243;][vc_custom_heading text=&#8221;Individual Methods:&#8221; font_container=&#8221;tag:h6|font_size:18px|text_align:right&#8221; use_theme_fonts=&#8221;yes&#8221;][\/vc_column_inner][vc_column_inner width=&#8221;2\/3&#8243; css=&#8221;.vc_custom_1687118943510{margin-top: 6px !important;}&#8221;][vc_column_text]my working method is based on leaving more in a given world than we take away[\/vc_column_text][\/vc_column_inner][\/vc_row_inner][vc_row_inner][vc_column_inner width=&#8221;1\/3&#8243;][vc_custom_heading text=&#8221;Additionally:&#8221; font_container=&#8221;tag:h6|font_size:18px|text_align:right&#8221; use_theme_fonts=&#8221;yes&#8221;][\/vc_column_inner][vc_column_inner width=&#8221;2\/3&#8243; css=&#8221;.vc_custom_1687118947446{margin-top: 6px !important;}&#8221;][vc_column_text]creating and running three original documentary filmmaking labs and providing artistic supervision to students\u2019 film projects at Speakers&#8217; Avenue Educational Film Collective (speakersavenue.com)[\/vc_column_text][\/vc_column_inner][\/vc_row_inner][\/vc_column][\/vc_row][vc_row bg_type=&#8221;bg_color&#8221; bg_override=&#8221;ex-full&#8221; css=&#8221;.vc_custom_1686253713687{padding-top: 140px !important;}&#8221; bg_color_value=&#8221;#111111&#8243;][vc_column]<div id=\"ultimate-heading-231969e4990c445b7\" class=\"uvc-heading ult-adjust-bottom-margin ultimate-heading-231969e4990c445b7 uvc-8412 \" data-hspacer=\"line_only\"  data-halign=\"center\" style=\"text-align:center\"><div class=\"uvc-heading-spacer line_only\" style=\"topheight:40px;\"><span class=\"uvc-headings-line\" style=\"border-style:solid;border-bottom-width:40px;border-color:#b8b8b8;width:1px;\"><\/span><\/div><\/div>[vc_custom_heading text=&#8221;DIANA ASZYK&#8221; font_container=&#8221;tag:h6|text_align:center|color:%23b8b8b8&#8243; use_theme_fonts=&#8221;yes&#8221;][vc_custom_heading text=&#8221;MY PHILOSOPHY&#8221; font_container=&#8221;tag:h2|font_size:50px|text_align:center|color:%23b8b8b8&#8243; use_theme_fonts=&#8221;yes&#8221;][vc_empty_space height=&#8221;60px&#8221;][vc_row_inner][vc_column_inner width=&#8221;1\/3&#8243;][vc_single_image image=&#8221;327&#8243; img_size=&#8221;full&#8221; alignment=&#8221;center&#8221; css=&#8221;.vc_custom_1687246382347{border-top-width: 1px !important;border-right-width: 1px !important;border-bottom-width: 1px !important;border-left-width: 1px !important;border-left-color: #ffffff !important;border-left-style: solid !important;border-right-color: #ffffff !important;border-right-style: solid !important;border-top-color: #ffffff !important;border-top-style: solid !important;border-bottom-color: #ffffff !important;border-bottom-style: solid !important;}&#8221;][vc_custom_heading text=&#8221;ON CHARACTERS&#8221; font_container=&#8221;tag:h3|font_size:18px|text_align:center|color:%23b8b8b8&#8243; use_theme_fonts=&#8221;yes&#8221; css=&#8221;.vc_custom_1686254414930{margin: 30px !important;}&#8221;][vc_column_text css=&#8221;.vc_custom_1686772220617{padding-bottom: 20px !important;}&#8221;]<\/p>\n<p style=\"text-align: center;\"><span style=\"color: #999999;\">My intention during the documentary filmmaking process is to create the space that reveals deeper truths about the characters and their surrounding world.<\/span><\/p>\n<p>[\/vc_column_text][vc_btn title=&#8221;MORE&#8221; style=&#8221;outline-custom&#8221; outline_custom_color=&#8221;#ffffff&#8221; outline_custom_hover_background=&#8221;#ffffff&#8221; outline_custom_hover_text=&#8221;#101010&#8243; shape=&#8221;square&#8221; align=&#8221;center&#8221; link=&#8221;url:https%3A%2F%2Fwww.dianaaszyk.com%2Fen%2Fon-characters%2F|title:On%20characters|&#8221;][\/vc_column_inner][vc_column_inner width=&#8221;1\/3&#8243;][vc_single_image image=&#8221;328&#8243; img_size=&#8221;full&#8221; alignment=&#8221;center&#8221; css=&#8221;.vc_custom_1686254313991{border: 1px solid #ffffff !important;}&#8221;][vc_custom_heading text=&#8221;ON AUDIENCE&#8221; font_container=&#8221;tag:h3|font_size:18px|text_align:center|color:%23b8b8b8&#8243; use_theme_fonts=&#8221;yes&#8221; css=&#8221;.vc_custom_1686254431466{margin: 30px !important;}&#8221;][vc_column_text css=&#8221;.vc_custom_1686772225816{padding-bottom: 20px !important;}&#8221;]<\/p>\n<p style=\"text-align: center;\"><span style=\"color: #999999;\">My goal is to allow the audience to experience the extraordinary things that I had already experienced when making the given documentary.<\/span><\/p>\n<p>[\/vc_column_text][vc_btn title=&#8221;MORE&#8221; style=&#8221;outline-custom&#8221; outline_custom_color=&#8221;#ffffff&#8221; outline_custom_hover_background=&#8221;#ffffff&#8221; outline_custom_hover_text=&#8221;#101010&#8243; shape=&#8221;square&#8221; align=&#8221;center&#8221; link=&#8221;url:https%3A%2F%2Fwww.dianaaszyk.com%2Fen%2Fon-audience%2F|title:On%20characters|&#8221;][\/vc_column_inner][vc_column_inner width=&#8221;1\/3&#8243;][vc_single_image image=&#8221;329&#8243; img_size=&#8221;full&#8221; alignment=&#8221;center&#8221; css=&#8221;.vc_custom_1686254293806{border: 1px solid #ffffff !important;}&#8221;][vc_custom_heading text=&#8221;ON PROCESS&#8221; font_container=&#8221;tag:h3|font_size:18px|text_align:center|color:%23b8b8b8&#8243; use_theme_fonts=&#8221;yes&#8221; css=&#8221;.vc_custom_1686254439614{margin: 30px !important;}&#8221;][vc_column_text css=&#8221;.vc_custom_1687251147462{padding-bottom: 20px !important;}&#8221;]<\/p>\n<p style=\"text-align: center;\"><span style=\"color: #999999;\">In documentary processes I rely on my own knowledge not faith, and my inner truth which I learn anew from every single process.<\/span><\/p>\n<p>[\/vc_column_text][vc_btn title=&#8221;MORE&#8221; style=&#8221;outline-custom&#8221; outline_custom_color=&#8221;#ffffff&#8221; outline_custom_hover_background=&#8221;#ffffff&#8221; outline_custom_hover_text=&#8221;#101010&#8243; shape=&#8221;square&#8221; align=&#8221;center&#8221; link=&#8221;url:https%3A%2F%2Fwww.dianaaszyk.com%2Fen%2Fon-process%2F|title:On%20characters|&#8221;][\/vc_column_inner][\/vc_row_inner][\/vc_column][\/vc_row]<\/p>\n<\/section>","protected":false},"excerpt":{"rendered":"<p>[vc_row css_animation=&#8221;fadeIn&#8221;][vc_column][\/vc_column][\/vc_row][vc_row css=&#8221;.vc_custom_1686772839409{margin-top: 120px !important;margin-bottom: 120px !important;}&#8221; el_id=&#8221;bio&#8221;][vc_column offset=&#8221;vc_col-lg-offset-2 vc_col-lg-8 vc_col-md-10&#8243;][vc_custom_heading text=&#8221;DIANA ASZYK&#8221; font_container=&#8221;tag:h6|text_align:center&#8221; use_theme_fonts=&#8221;yes&#8221;][vc_custom_heading text=&#8221;BIO&#8221; font_container=&#8221;tag:h2|font_size:50px|text_align:center&#8221; use_theme_fonts=&#8221;yes&#8221;][vc_row_inner][vc_column_inner][vc_column_text] More than 13 years of experience as a documentary filmmaker. [\/vc_column_text][\/vc_column_inner][\/vc_row_inner][vc_separator css=&#8221;.vc_custom_1686252435444{margin-top: 30px !important;margin-bottom: 30px !important;}&#8221;][vc_row_inner][vc_column_inner width=&#8221;1\/3&#8243;][vc_custom_heading text=&#8221;Experience:&#8221; font_container=&#8221;tag:h6|font_size:18px|text_align:right&#8221; use_theme_fonts=&#8221;yes&#8221;][\/vc_column_inner][vc_column_inner width=&#8221;2\/3&#8243; css=&#8221;.vc_custom_1687118922629{margin-top: 6px !important;}&#8221;][vc_column_text]5 documentary projects as director and screenwriter, producer or co-producer of these projects, in [&hellip;]<\/p>\n","protected":false},"author":1,"featured_media":0,"parent":0,"menu_order":0,"comment_status":"closed","ping_status":"closed","template":"template-home.php","meta":{"footnotes":""},"_links":{"self":[{"href":"https:\/\/www.dianaaszyk.com\/en\/wp-json\/wp\/v2\/pages\/813"}],"collection":[{"href":"https:\/\/www.dianaaszyk.com\/en\/wp-json\/wp\/v2\/pages"}],"about":[{"href":"https:\/\/www.dianaaszyk.com\/en\/wp-json\/wp\/v2\/types\/page"}],"author":[{"embeddable":true,"href":"https:\/\/www.dianaaszyk.com\/en\/wp-json\/wp\/v2\/users\/1"}],"replies":[{"embeddable":true,"href":"https:\/\/www.dianaaszyk.com\/en\/wp-json\/wp\/v2\/comments?post=813"}],"version-history":[{"count":54,"href":"https:\/\/www.dianaaszyk.com\/en\/wp-json\/wp\/v2\/pages\/813\/revisions"}],"predecessor-version":[{"id":1134,"href":"https:\/\/www.dianaaszyk.com\/en\/wp-json\/wp\/v2\/pages\/813\/revisions\/1134"}],"wp:attachment":[{"href":"https:\/\/www.dianaaszyk.com\/en\/wp-json\/wp\/v2\/media?parent=813"}],"curies":[{"name":"wp","href":"https:\/\/api.w.org\/{rel}","templated":true}]}}